{"id":52,"date":"2021-03-04T10:36:21","date_gmt":"2021-03-04T09:36:21","guid":{"rendered":"http:\/\/bureaudejardin.be\/?page_id=52"},"modified":"2021-03-09T15:04:41","modified_gmt":"2021-03-09T14:04:41","slug":"inspirez-vous","status":"publish","type":"page","link":"http:\/\/bureaudejardin.be\/?page_id=52","title":{"rendered":"Inspirez-vous"},"content":{"rendered":"\t\t<div data-elementor-type=\"wp-page\" data-elementor-id=\"52\" class=\"elementor elementor-52\" data-elementor-settings=\"[]\">\n\t\t\t\t\t\t\t<div class=\"elementor-section-wrap\">\n\t\t\t\t\t\t\t<section class=\"elementor-section elementor-top-section elementor-element elementor-element-15d8b24 elementor-section-boxed elementor-section-height-default elementor-section-height-default\" data-id=\"15d8b24\" data-element_type=\"section\">\n\t\t\t\t\t\t<div class=\"elementor-container elementor-column-gap-default\">\n\t\t\t\t\t<div class=\"elementor-column elementor-col-100 elementor-top-column elementor-element elementor-element-711b8c6\" data-id=\"711b8c6\" data-element_type=\"column\">\n\t\t\t<div class=\"elementor-widget-wrap elementor-element-populated\">\n\t\t\t\t\t\t\t\t<div class=\"elementor-element elementor-element-4677f24 elementor-widget elementor-widget-text-editor\" data-id=\"4677f24\" data-element_type=\"widget\" data-widget_type=\"text-editor.default\">\n\t\t\t\t<div class=\"elementor-widget-container\">\n\t\t\t\t\t<div class=\"elementor-text-editor elementor-clearfix\"><p>Quand on travaille \u00e0 domicile, il est parfois difficile de s\u00e9parer vie professionnelle et vie personnelle. Le bureau de jardin est une solution id\u00e9ale pour <strong>avoir un endroit calme et ind\u00e9pendant pour travailler et se concentrer<\/strong>\u00a0loin des bruits et profiter pleinement de l&#8217;ambiance d\u00e9tendue de la maison apr\u00e8s le travail.<\/p><\/div>\n\t\t\t\t<\/div>\n\t\t\t\t<\/div>\n\t\t\t\t\t<\/div>\n\t\t<\/div>\n\t\t\t\t\t\t\t<\/div>\n\t\t<\/section>\n\t\t\t\t\t\t<\/div>\n\t\t\t\t\t<\/div>\n\t\t","protected":false},"excerpt":{"rendered":"<p>Quand on travaille \u00e0 domicile, il est parfois difficile de s\u00e9parer vie professionnelle et vie personnelle. Le bureau de jardin est une solution id\u00e9ale pour avoir un endroit calme et ind\u00e9pendant pour travailler et se concentrer\u00a0loin des bruits et profiter pleinement de l&#8217;ambiance d\u00e9tendue de la maison apr\u00e8s le travail.<\/p>\n","protected":false},"author":2,"featured_media":0,"parent":0,"menu_order":0,"comment_status":"closed","ping_status":"closed","template":"","meta":[],"_links":{"self":[{"href":"http:\/\/bureaudejardin.be\/index.php?rest_route=\/wp\/v2\/pages\/52"}],"collection":[{"href":"http:\/\/bureaudejardin.be\/index.php?rest_route=\/wp\/v2\/pages"}],"about":[{"href":"http:\/\/bureaudejardin.be\/index.php?rest_route=\/wp\/v2\/types\/page"}],"author":[{"embeddable":true,"href":"http:\/\/bureaudejardin.be\/index.php?rest_route=\/wp\/v2\/users\/2"}],"replies":[{"embeddable":true,"href":"http:\/\/bureaudejardin.be\/index.php?rest_route=%2Fwp%2Fv2%2Fcomments&post=52"}],"version-history":[{"count":4,"href":"http:\/\/bureaudejardin.be\/index.php?rest_route=\/wp\/v2\/pages\/52\/revisions"}],"predecessor-version":[{"id":252,"href":"http:\/\/bureaudejardin.be\/index.php?rest_route=\/wp\/v2\/pages\/52\/revisions\/252"}],"wp:attachment":[{"href":"http:\/\/bureaudejardin.be\/index.php?rest_route=%2Fwp%2Fv2%2Fmedia&parent=52"}],"curies":[{"name":"wp","href":"https:\/\/api.w.org\/{rel}","templated":true}]}}